{"id":120,"date":"2024-10-30T09:12:34","date_gmt":"2024-10-30T08:12:34","guid":{"rendered":"https:\/\/vegatol.com\/kontakt\/"},"modified":"2025-03-26T12:45:08","modified_gmt":"2025-03-26T11:45:08","slug":"contact","status":"publish","type":"page","link":"https:\/\/vegatol.com\/en\/contact\/","title":{"rendered":"Contact"},"content":{"rendered":"\n<div class=\"wp-block-columns is-layout-flex wp-container-core-columns-is-layout-9d6595d7 wp-block-columns-is-layout-flex\">\n<div class=\"wp-block-column is-layout-flow wp-block-column-is-layout-flow\" style=\"flex-basis:33.33%\">\n<p><strong>VEGATOL PPHU Tex-Star<\/strong><br>Russ\u00f3w 50<br>62-817 \u017belazk\u00f3w<br>POLAND<br><\/p>\n\n\n\n<p>helpline: (+48) 62 760 35 63<br>+ 48 535 550 970<br><\/p>\n\n\n\n<p>email: <a href=\"mailto:info@vegatol.com\">info@vegatol.com<\/a><br><a href=\"mailto:hello@vegatol.com\">hello@vegatol.com<\/a><\/p>\n<\/div>\n\n\n\n<div class=\"wp-block-column is-layout-flow wp-block-column-is-layout-flow\" style=\"flex-basis:66.66%\">\n<iframe src=\"https:\/\/www.google.com\/maps\/embed?pb=!1m18!1m12!1m3!1d4584.071409731474!2d18.08483097951505!3d51.84138667218547!2m3!1f0!2f0!3f0!3m2!1i1024!2i768!4f13.1!3m3!1m2!1s0x471ad06b8abeab21%3A0xd2f7a18d428cd6bc!2zUnVzc8OzdyA1MCwgNjItODE3IFJ1c3PDs3c!5e0!3m2!1spl!2spl!4v1730277922312!5m2!1spl!2spl\" width=\"100%\" height=\"450\" style=\"border:0;\" allowfullscreen=\"\" loading=\"lazy\" referrerpolicy=\"no-referrer-when-downgrade\"><\/iframe>\n<\/div>\n<\/div>\n","protected":false},"excerpt":{"rendered":"<p>VEGATOL PPHU Tex-StarRuss\u00f3w 5062-817 \u017belazk\u00f3wPOLAND helpline: (+48) 62 760 35 63+ 48 535 550 970 email: info@vegatol.comhello@vegatol.com<\/p>\n","protected":false},"author":1,"featured_media":0,"parent":0,"menu_order":0,"comment_status":"closed","ping_status":"closed","template":"","meta":{"footnotes":""},"class_list":["post-120","page","type-page","status-publish","hentry"],"meta_box":{"claim_text":"","explore_button_text":"","explore_button_url":"","explore_button_target":"_self","explore_deco_text_1":"","explore_deco_text_2":"","blocks":[{"block_button_target":"_self","block_colors":"default","block_style":"default"}],"catalog_deco_text_1":"","catalog_deco_text_2":"","catalog_description":"","pdf_icon_url":"","pdf_icon_target":"_self","contact_text":"","contact_url":"","contact_target":"_self","section_select":["content"],"wideo_intro":[],"wideo_poster":false,"zdjecie_intro":false,"nazwa_przycisku":"EXPLORE THE COLLECTION","url_przycisku":"https:\/\/vegatol.com\/en\/news\/","target_przycisku":"_self","deco_text_1":"EVOLVING","deco_text_2":"LEGACY"},"_links":{"self":[{"href":"https:\/\/vegatol.com\/en\/wp-json\/wp\/v2\/pages\/120","targetHints":{"allow":["GET"]}}],"collection":[{"href":"https:\/\/vegatol.com\/en\/wp-json\/wp\/v2\/pages"}],"about":[{"href":"https:\/\/vegatol.com\/en\/wp-json\/wp\/v2\/types\/page"}],"author":[{"embeddable":true,"href":"https:\/\/vegatol.com\/en\/wp-json\/wp\/v2\/users\/1"}],"replies":[{"embeddable":true,"href":"https:\/\/vegatol.com\/en\/wp-json\/wp\/v2\/comments?post=120"}],"version-history":[{"count":1,"href":"https:\/\/vegatol.com\/en\/wp-json\/wp\/v2\/pages\/120\/revisions"}],"predecessor-version":[{"id":121,"href":"https:\/\/vegatol.com\/en\/wp-json\/wp\/v2\/pages\/120\/revisions\/121"}],"wp:attachment":[{"href":"https:\/\/vegatol.com\/en\/wp-json\/wp\/v2\/media?parent=120"}],"curies":[{"name":"wp","href":"https:\/\/api.w.org\/{rel}","templated":true}]}}